{"id":1043,"date":"2023-04-17T21:26:52","date_gmt":"2023-04-17T21:26:52","guid":{"rendered":"http:\/\/www.cei.usach.cl\/?page_id=1043"},"modified":"2024-05-13T20:29:24","modified_gmt":"2024-05-13T20:29:24","slug":"consideraciones-generales","status":"publish","type":"page","link":"https:\/\/www.cei.usach.cl\/index.php\/evaluacion-etica\/consideraciones-generales\/","title":{"rendered":"Consideraciones Generales"},"content":{"rendered":"\n<p>El Comit\u00e9 de \u00c9tica Institucional de la Universidad de Santiago de Chile ofrece servicios de <strong>evaluaci\u00f3n de proyectos internos y externos<\/strong>. La evaluaci\u00f3n interna es gratuita para proyectos de tesis de pregrado y posgrado de estudiantes de la instituci\u00f3n, y para acad\u00e9micos y acad\u00e9micas de la Universidad. La evaluaci\u00f3n externa se ofrece a instituciones y grupos de investigaci\u00f3n externos. Consulta los valores <a href=\"https:\/\/www.cei.usach.cl\/index.php\/servicios-y-valores\/\" data-type=\"link\" data-id=\"https:\/\/www.cei.usach.cl\/index.php\/servicios-y-valores\/\">aqu\u00ed<\/a>.<\/p>\n\n\n\n<p>El <strong>Comit\u00e9 \u00c9tico Institucional de la USACH basa su labor<\/strong> en criterios \u00e9ticos objetivos para evaluar los proyectos, incluyendo la validez cient\u00edfica y utilidad social de la investigaci\u00f3n, minimizaci\u00f3n de riesgos, protecci\u00f3n de la intimidad y confidencialidad de los participantes, procesos de consentimiento informado, especial protecci\u00f3n de grupos vulnerables, compensaci\u00f3n por eventos adversos y respeto por el principio de las 3Rs de S. Russell &amp; R.L. Burch en experimentaci\u00f3n con animales y bioseguridad.<\/p>\n\n\n\n<p>El CEI USACH cumple con las normativas nacionales e internacionales de \u00c9tica de la Investigaci\u00f3n y <strong>no otorga certificados de aprobaci\u00f3n a investigaciones que est\u00e1n en proceso de ejecuci\u00f3n o hayan sido finalizadas<\/strong>, a menos que hayan sido previamente aprobadas por este comit\u00e9.<\/p>\n\n\n\n<p>El Comit\u00e9 \u00c9tico Institucional de la USACH eval\u00faa las solicitudes de revisi\u00f3n \u00e9tica en un <strong>plazo m\u00e1ximo de 45 d\u00edas corridos<\/strong> luego de la recepci\u00f3n de la totalidad de documentaci\u00f3n requerida. Si es necesario, este plazo puede extenderse por un per\u00edodo adicional de 20 d\u00edas. En la deliberaci\u00f3n, el proyecto de investigaci\u00f3n puede ser <strong>aprobado, pendiente de aprobaci\u00f3n con observaciones o rechazado<\/strong>. Si es rechazado, se puede volver a presentar con los requisitos necesarios y en base al procedimiento respectivo.<\/p>\n\n\n\n<p>Existen varios tipos de <strong>investigaciones que necesitan revisi\u00f3n y evaluaci\u00f3n \u00e9tica<\/strong> para garantizar la protecci\u00f3n de los derechos y la integridad de los participantes. Estos incluyen:<\/p>\n\n\n\n<ul class=\"wp-block-list\">\n<li>Aquellas que involucren seres humanos.<\/li>\n\n\n\n<li>Investigaciones en las que los participantes presenten alg\u00fan tipo y grado de vulnerabilidad.<\/li>\n\n\n\n<li>Investigaciones que involucren el uso de archivos, encuestas, entrevistas, cuestionarios o datos personales o sensibles (seg\u00fan ley 19.628), incluyendo material extra\u00eddo de redes sociales.<\/li>\n\n\n\n<li>Investigaciones que involucren medios audiovisuales (grabaciones y\/o filmaciones).<\/li>\n\n\n\n<li>Investigaciones que involucren el manejo de bases de datos que contengan informaci\u00f3n personal, como fichas cl\u00ednicas, diarios personales, informaci\u00f3n confidencial y documentos hist\u00f3ricos.<\/li>\n\n\n\n<li>Investigaciones que comprendan la toma y an\u00e1lisis de muestras biol\u00f3gicas y material gen\u00e9tico humano.<\/li>\n\n\n\n<li>Investigaciones que involucren el uso de cualquier tipo de material biol\u00f3gico.<\/li>\n<\/ul>\n\n\n\n<p><\/p>\n\n\n\n<div class=\"wp-block-group is-content-justification-center is-nowrap is-layout-flex wp-container-core-group-is-layout-4e1547a7 wp-block-group-is-layout-flex\" style=\"padding-top:var(--wp--preset--spacing--50)\">\n<div class=\"wp-block-columns alignfull are-vertically-aligned-center has-small-font-size is-layout-flex wp-container-core-columns-is-layout-92a822e6 wp-block-columns-is-layout-flex\" style=\"border-style:none;border-width:0px;border-radius:0px;margin-top:0;margin-bottom:0;padding-top:0;padding-right:0;padding-bottom:0;padding-left:0\">\n<div class=\"wp-block-column is-vertically-aligned-center has-background-background-color has-background is-layout-flow wp-container-core-column-is-layout-da7171a0 wp-block-column-is-layout-flow\" style=\"border-style:none;border-width:0px;padding-top:0;padding-right:0;padding-bottom:0;padding-left:0;flex-basis:400px\">\n<div class=\"wp-block-group has-background is-layout-constrained wp-container-core-group-is-layout-dc806c5b wp-block-group-is-layout-constrained\" style=\"border-radius:10px;background-color:#5e7084;padding-top:var(--wp--preset--spacing--40);padding-right:var(--wp--preset--spacing--50);padding-bottom:var(--wp--preset--spacing--40);padding-left:var(--wp--preset--spacing--50)\">\n<h2 class=\"wp-block-heading has-text-align-center has-background-color has-text-color has-system-font-font-family has-custom-font\" style=\"margin-top:0;margin-right:0;margin-bottom:0;margin-left:0;padding-top:0;padding-right:0;padding-bottom:var(--wp--preset--spacing--40);padding-left:0;font-size:17px;font-style:normal;font-weight:800;font-family:system-font\">Solicitud de Evaluaci\u00f3n<\/h2>\n\n\n\n<div class=\"wp-block-buttons is-content-justification-center is-layout-flex wp-container-core-buttons-is-layout-a89b3969 wp-block-buttons-is-layout-flex\">\n<div class=\"wp-block-button has-custom-font-size\" style=\"font-size:10px\"><a class=\"wp-block-button__link has-foreground-color has-background-background-color has-text-color has-background wp-element-button\" href=\"http:\/\/www.cei.usach.cl\/index.php\/evaluacion-etica\/solicitud-de-evaluacion\/\" style=\"border-radius:5px\">Ver informaci\u00f3n<\/a><\/div>\n<\/div>\n<\/div>\n<\/div>\n<\/div>\n<\/div>\n","protected":false},"excerpt":{"rendered":"<p>El Comit\u00e9 de \u00c9tica Institucional de la Universidad de Santiago de Chile ofrece servicios de evaluaci\u00f3n de proyectos internos y externos. La evaluaci\u00f3n interna es gratuita para proyectos de tesis [&hellip;]<\/p>\n","protected":false},"author":2,"featured_media":1064,"parent":903,"menu_order":1,"comment_status":"closed","ping_status":"closed","template":"","meta":{"_coblocks_attr":"","_coblocks_dimensions":"","_coblocks_responsive_height":"","_coblocks_accordion_ie_support":"","inline_featured_image":false,"_EventAllDay":false,"_EventTimezone":"","_EventStartDate":"","_EventEndDate":"","_EventStartDateUTC":"","_EventEndDateUTC":"","_EventShowMap":false,"_EventShowMapLink":false,"_EventURL":"","_EventCost":"","_EventCostDescription":"","_EventCurrencySymbol":"","_EventCurrencyCode":"","_EventCurrencyPosition":"","_EventDateTimeSeparator":"","_EventTimeRangeSeparator":"","_EventOrganizerID":[],"_EventVenueID":[],"_OrganizerEmail":"","_OrganizerPhone":"","_OrganizerWebsite":"","_VenueAddress":"","_VenueCity":"","_VenueCountry":"","_VenueProvince":"","_VenueState":"","_VenueZip":"","_VenuePhone":"","_VenueURL":"","_VenueStateProvince":"","_VenueLat":"","_VenueLng":"","_VenueShowMap":false,"_VenueShowMapLink":false,"footnotes":""},"class_list":["post-1043","page","type-page","status-publish","has-post-thumbnail","hentry"],"rttpg_featured_image_url":{"full":["https:\/\/www.cei.usach.cl\/wp-content\/uploads\/2023\/04\/comite-etica-usach-consideraciones-generales.jpg",1100,360,false],"landscape":["https:\/\/www.cei.usach.cl\/wp-content\/uploads\/2023\/04\/comite-etica-usach-consideraciones-generales.jpg",1100,360,false],"portraits":["https:\/\/www.cei.usach.cl\/wp-content\/uploads\/2023\/04\/comite-etica-usach-consideraciones-generales.jpg",1100,360,false],"thumbnail":["https:\/\/www.cei.usach.cl\/wp-content\/uploads\/2023\/04\/comite-etica-usach-consideraciones-generales-150x150.jpg",150,150,true],"medium":["https:\/\/www.cei.usach.cl\/wp-content\/uploads\/2023\/04\/comite-etica-usach-consideraciones-generales-300x98.jpg",300,98,true],"large":["https:\/\/www.cei.usach.cl\/wp-content\/uploads\/2023\/04\/comite-etica-usach-consideraciones-generales-1024x335.jpg",1024,335,true],"1536x1536":["https:\/\/www.cei.usach.cl\/wp-content\/uploads\/2023\/04\/comite-etica-usach-consideraciones-generales.jpg",1100,360,false],"2048x2048":["https:\/\/www.cei.usach.cl\/wp-content\/uploads\/2023\/04\/comite-etica-usach-consideraciones-generales.jpg",1100,360,false],"rpwe-thumbnail":["https:\/\/www.cei.usach.cl\/wp-content\/uploads\/2023\/04\/comite-etica-usach-consideraciones-generales-45x45.jpg",45,45,true]},"rttpg_author":{"display_name":"Comunicaciones VRIIC","author_link":"https:\/\/www.cei.usach.cl\/index.php\/author\/comunicacionesvridei\/"},"rttpg_comment":0,"rttpg_category":null,"rttpg_excerpt":"El Comit\u00e9 de \u00c9tica Institucional de la Universidad de Santiago de Chile ofrece servicios de evaluaci\u00f3n de proyectos internos y externos. La evaluaci\u00f3n interna es gratuita para proyectos de tesis [&hellip;]","_links":{"self":[{"href":"https:\/\/www.cei.usach.cl\/index.php\/wp-json\/wp\/v2\/pages\/1043","targetHints":{"allow":["GET"]}}],"collection":[{"href":"https:\/\/www.cei.usach.cl\/index.php\/wp-json\/wp\/v2\/pages"}],"about":[{"href":"https:\/\/www.cei.usach.cl\/index.php\/wp-json\/wp\/v2\/types\/page"}],"author":[{"embeddable":true,"href":"https:\/\/www.cei.usach.cl\/index.php\/wp-json\/wp\/v2\/users\/2"}],"replies":[{"embeddable":true,"href":"https:\/\/www.cei.usach.cl\/index.php\/wp-json\/wp\/v2\/comments?post=1043"}],"version-history":[{"count":7,"href":"https:\/\/www.cei.usach.cl\/index.php\/wp-json\/wp\/v2\/pages\/1043\/revisions"}],"predecessor-version":[{"id":2609,"href":"https:\/\/www.cei.usach.cl\/index.php\/wp-json\/wp\/v2\/pages\/1043\/revisions\/2609"}],"up":[{"embeddable":true,"href":"https:\/\/www.cei.usach.cl\/index.php\/wp-json\/wp\/v2\/pages\/903"}],"wp:featuredmedia":[{"embeddable":true,"href":"https:\/\/www.cei.usach.cl\/index.php\/wp-json\/wp\/v2\/media\/1064"}],"wp:attachment":[{"href":"https:\/\/www.cei.usach.cl\/index.php\/wp-json\/wp\/v2\/media?parent=1043"}],"curies":[{"name":"wp","href":"https:\/\/api.w.org\/{rel}","templated":true}]}}