{"id":1046,"date":"2023-04-17T21:30:34","date_gmt":"2023-04-17T21:30:34","guid":{"rendered":"http:\/\/www.cei.usach.cl\/?page_id=1046"},"modified":"2024-08-28T21:50:41","modified_gmt":"2024-08-28T21:50:41","slug":"solicitud-de-evaluacion","status":"publish","type":"page","link":"https:\/\/www.cei.usach.cl\/index.php\/evaluacion-etica\/solicitud-de-evaluacion\/","title":{"rendered":"Solicitud de Evaluaci\u00f3n"},"content":{"rendered":"\t\t<div data-elementor-type=\"wp-page\" data-elementor-id=\"1046\" class=\"elementor elementor-1046\" data-elementor-post-type=\"page\">\n\t\t\t\t\t\t\t<div class=\"elementor-element elementor-element-37ce2e35 e-flex e-con-boxed e-con e-parent\" data-id=\"37ce2e35\" data-element_type=\"container\" data-settings=\"{&quot;content_width&quot;:&quot;boxed&quot;}\" data-core-v316-plus=\"true\">\n\t\t\t\t\t<div class=\"e-con-inner\">\n\t\t\t\t<div class=\"elementor-element elementor-element-6942ec5b elementor-widget elementor-widget-text-editor\" data-id=\"6942ec5b\" data-element_type=\"widget\" data-widget_type=\"text-editor.default\">\n\t\t\t\t<div class=\"elementor-widget-container\">\n\t\t\t<style>\/*! elementor - v3.17.0 - 08-11-2023 *\/\n.elementor-widget-text-editor.elementor-drop-cap-view-stacked .elementor-drop-cap{background-color:#69727d;color:#fff}.elementor-widget-text-editor.elementor-drop-cap-view-framed .elementor-drop-cap{color:#69727d;border:3px solid;background-color:transparent}.elementor-widget-text-editor:not(.elementor-drop-cap-view-default) .elementor-drop-cap{margin-top:8px}.elementor-widget-text-editor:not(.elementor-drop-cap-view-default) .elementor-drop-cap-letter{width:1em;height:1em}.elementor-widget-text-editor .elementor-drop-cap{float:left;text-align:center;line-height:1;font-size:50px}.elementor-widget-text-editor .elementor-drop-cap-letter{display:inline-block}<\/style>\t\t\t\t<!-- wp:paragraph -->\n<p>Si eres investigador o investigadora, o estudiante de pregrado o posgrado y necesitas realizar una investigaci\u00f3n, es importante solicitar la evaluaci\u00f3n de tu proyecto por parte del Comit\u00e9 de \u00c9tica Institucional (CEI) de la Universidad de Santiago de Chile. <strong><a href=\"http:\/\/www.cei.usach.cl\/wp-content\/uploads\/2024\/08\/requisitos-para-recepcion-de-proyectos-de-investigacion-2024-2.pdf\" target=\"_blank\" rel=\"noreferrer noopener\">En este documento<\/a><\/strong> <strong>(actualizado)<\/strong> encontrar\u00e1s informaci\u00f3n detallada acerca de los pasos a seguir para solicitar la evaluaci\u00f3n de tu proyecto por parte del CEI. De la misma forma, en <strong><a href=\"https:\/\/www.cei.usach.cl\/wp-content\/uploads\/2024\/08\/Modelo-de-Documentos-CEI-2024.zip\" data-type=\"link\" data-id=\"http:\/\/www.cei.usach.cl\/wp-content\/uploads\/2024\/08\/Modelo-de-Documentos-CEI-2024.zip\">esta carpeta descargable<\/a><\/strong> encontrar\u00e1s los documentos necesarios que deben acompa\u00f1ar tu solicitud.<\/p>\n<!-- \/wp:paragraph --><!-- wp:columns -->\n<div class=\"wp-block-columns\"><!-- wp:column -->\n<div class=\"wp-block-column\"><!-- wp:group {\"style\":{\"spacing\":{\"blockGap\":\"var:preset|spacing|50\",\"padding\":{\"top\":\"var:preset|spacing|40\",\"right\":\"var:preset|spacing|40\",\"bottom\":\"var:preset|spacing|40\",\"left\":\"var:preset|spacing|40\"}},\"border\":{\"radius\":\"10px\"},\"color\":{\"background\":\"#5e7084\"}},\"layout\":{\"type\":\"constrained\"}} -->\n<div class=\"wp-block-group has-background\" style=\"border-radius: 10px; background-color: #5e7084; padding: var(--wp--preset--spacing--40);\"><!-- wp:heading {\"textAlign\":\"center\",\"style\":{\"typography\":{\"fontSize\":\"17px\",\"fontStyle\":\"normal\",\"fontWeight\":\"800\"}},\"textColor\":\"background\",\"fontFamily\":\"system-font\"} -->\n<h2 class=\"wp-block-heading has-text-align-center has-background-color has-text-color has-system-font-font-family has-custom-font\" style=\"font-size: 17px; font-style: normal; font-weight: 800; font-family: system-font;\">Requisitos de Evaluaci\u00f3n<\/h2>\n<!-- \/wp:heading --><!-- wp:buttons {\"layout\":{\"type\":\"flex\",\"justifyContent\":\"center\"}} -->\n<div class=\"wp-block-buttons\"><!-- wp:button {\"backgroundColor\":\"background\",\"textColor\":\"foreground\",\"style\":{\"typography\":{\"fontSize\":\"10px\"},\"border\":{\"radius\":\"5px\"}}} -->\n<div class=\"wp-block-button has-custom-font-size\" style=\"font-size: 10px;\"><a class=\"wp-block-button__link has-foreground-color has-background-background-color has-text-color has-background wp-element-button\" style=\"border-radius: 5px;\" href=\"http:\/\/www.cei.usach.cl\/wp-content\/uploads\/2024\/08\/requisitos-para-recepcion-de-proyectos-de-investigacion-2024-2.pdf\" target=\"_blank\" rel=\"noreferrer noopener\">Ver Informaci\u00f3n<\/a><\/div>\n<!-- \/wp:button --><\/div>\n<!-- \/wp:buttons --><\/div>\n<!-- \/wp:group --><\/div>\n<!-- \/wp:column --><!-- wp:column -->\n<div class=\"wp-block-column\"><!-- wp:group {\"style\":{\"color\":{\"background\":\"#5e7084\"},\"spacing\":{\"padding\":{\"top\":\"var:preset|spacing|40\",\"right\":\"var:preset|spacing|40\",\"bottom\":\"var:preset|spacing|40\",\"left\":\"var:preset|spacing|40\"},\"blockGap\":\"var:preset|spacing|50\"},\"border\":{\"radius\":\"10px\"}},\"layout\":{\"type\":\"constrained\"}} -->\n<div class=\"wp-block-group has-background\" style=\"border-radius: 10px; background-color: #5e7084; padding: var(--wp--preset--spacing--40);\"><!-- wp:heading {\"textAlign\":\"center\",\"style\":{\"typography\":{\"fontSize\":\"17px\",\"fontStyle\":\"normal\",\"fontWeight\":\"800\"}},\"textColor\":\"background\",\"fontFamily\":\"system-font\"} -->\n<h2 class=\"wp-block-heading has-text-align-center has-background-color has-text-color has-system-font-font-family has-custom-font\" style=\"font-size: 17px; font-style: normal; font-weight: 800; font-family: system-font;\">Modelo de Documentos<\/h2>\n<!-- \/wp:heading --><!-- wp:buttons {\"align\":\"wide\"} -->\n<div class=\"wp-block-buttons alignwide\"><!-- wp:button {\"backgroundColor\":\"background\",\"textColor\":\"foreground\",\"style\":{\"border\":{\"radius\":\"5px\"},\"typography\":{\"fontSize\":\"10px\"}},\"className\":\"aligncenter\"} -->\n<div class=\"wp-block-button has-custom-font-size aligncenter\" style=\"font-size: 10px;\"><a class=\"wp-block-button__link has-foreground-color has-background-background-color has-text-color has-background wp-element-button\" style=\"border-radius: 5px;\" href=\"http:\/\/www.cei.usach.cl\/wp-content\/uploads\/2024\/08\/Modelo-de-Documentos-CEI-2024.zip\" target=\"_blank\" rel=\"noreferrer noopener\">Ver Informaci\u00f3n<\/a><\/div>\n<!-- \/wp:button --><\/div>\n<!-- \/wp:buttons --><\/div>\n<!-- \/wp:group --><\/div>\n<!-- \/wp:column --><\/div>\n<!-- \/wp:columns --><!-- wp:paragraph {\"customFontSize\":25} -->\n<p style=\"font-size: 25px;\"><strong><em>Proceso de evaluaci\u00f3n<\/em><\/strong><\/p>\n<!-- \/wp:paragraph --><!-- wp:paragraph -->\n<p><strong>Recepci\u00f3n: <\/strong>Etapa inicial del proceso de evaluaci\u00f3n \u00e9tica cient\u00edfica del proyecto que comienza con la recepci\u00f3n de la solicitud por parte del comit\u00e9. Esta recepci\u00f3n podr\u00e1 ser por medio correo electr\u00f3nico o la forma que el Secretario General designe. Dentro de un plazo de 2 d\u00edas h\u00e1biles luego de la recepci\u00f3n el secretario general enviar\u00e1 el proyecto al Comit\u00e9 de \u00e1rea respectiva.\u00a0<\/p>\n<!-- \/wp:paragraph --><!-- wp:paragraph -->\n<p><strong>Evaluaci\u00f3n:<\/strong> Esta etapa comienza con la recepci\u00f3n del proyecto por parte del Coordinador del \u00e1rea, el cual lo asignar\u00e1 dentro del plazo de 3 d\u00edas h\u00e1biles a un Evaluador Responsable y un Evaluador Corresponsable, los cuales deber\u00e1n emitir un informe del proyecto, el que ser\u00e1 debatido en la etapa de liberaci\u00f3n.<\/p>\n<!-- \/wp:paragraph --><!-- wp:paragraph -->\n<p><strong>Deliberaci\u00f3n: <\/strong>Esta es una etapa solemne en la cual se re\u00fanen los integrantes de cada \u00e1rea del comit\u00e9 y el proyecto acogido a tramitaci\u00f3n ser\u00e1 objeto de deliberaci\u00f3n. Lo ocurrido ser\u00e1 reducido a un acta, la cual deber\u00e1 contener un resumen de los temas tratados y que reflejen fielmente lo ocurrido en la sesi\u00f3n, as\u00ed como los acuerdos adoptados.<\/p>\n<!-- \/wp:paragraph --><!-- wp:paragraph -->\n<p>Posteriormente se emitir\u00e1n los informes respectivos, los cuales son remitidos a los investigadores responsables. Ellos indican el estado de evaluaci\u00f3n del proyecto, el cual puede ser:\u00a0<\/p>\n<!-- \/wp:paragraph --><!-- wp:list -->\n<ul><!-- wp:list-item -->\n<li><strong>Preliminar:<\/strong> Este es en el caso de que el \u00c1rea realice observaciones subsanables al proyecto de investigaci\u00f3n.\u00a0<\/li>\n<!-- \/wp:list-item --><!-- wp:list-item -->\n<li><strong>Aprobado: <\/strong>En caso que el \u00c1rea considerase que el proyecto cumple satisfactoriamente los requisitos y criterios de evaluaci\u00f3n.\u00a0<\/li>\n<!-- \/wp:list-item --><!-- wp:list-item -->\n<li><strong>Rechazo:<\/strong> Cuando, a juicio del \u00c1rea, el proyecto de investigaci\u00f3n no cumpla con los criterios m\u00ednimos de valor social o validez cient\u00edfica, o cuando luego de dos Informes Preliminares, el proyecto a\u00fan no est\u00e9 en condiciones de ser evaluado favorablemente por el Comit\u00e9.<\/li>\n<!-- \/wp:list-item --><!-- wp:list-item -->\n<li><strong>Seguimiento:<\/strong> Esta etapa es sobre los proyectos que se encuentren aprobados. Tiene por objeto verificar el desarrollo del proyecto conforme al protocolo aprobado y el adecuado cumplimiento de los est\u00e1ndares \u00e9ticos exigidos en el desarrollo de los proyectos de investigaci\u00f3n para la protecci\u00f3n de los sujetos y\/o animales que participan en la investigaci\u00f3n.<\/li>\n<!-- \/wp:list-item --><\/ul>\n<!-- \/wp:list -->\t\t\t\t\t\t<\/div>\n\t\t\t\t<\/div>\n\t\t\t\t\t<\/div>\n\t\t\t\t<\/div>\n\t\t\t\t\t\t\t<\/div>\n\t\t","protected":false},"excerpt":{"rendered":"<p>Si eres investigador o investigadora, o estudiante de pregrado o posgrado y necesitas realizar una investigaci\u00f3n, es importante solicitar la evaluaci\u00f3n de tu proyecto por parte del Comit\u00e9 de \u00c9tica [&hellip;]<\/p>\n","protected":false},"author":2,"featured_media":1065,"parent":903,"menu_order":2,"comment_status":"closed","ping_status":"closed","template":"","meta":{"_coblocks_attr":"","_coblocks_dimensions":"","_coblocks_responsive_height":"","_coblocks_accordion_ie_support":"","inline_featured_image":false,"_EventAllDay":false,"_EventTimezone":"","_EventStartDate":"","_EventEndDate":"","_EventStartDateUTC":"","_EventEndDateUTC":"","_EventShowMap":false,"_EventShowMapLink":false,"_EventURL":"","_EventCost":"","_EventCostDescription":"","_EventCurrencySymbol":"","_EventCurrencyCode":"","_EventCurrencyPosition":"","_EventDateTimeSeparator":"","_EventTimeRangeSeparator":"","_EventOrganizerID":[],"_EventVenueID":[],"_OrganizerEmail":"","_OrganizerPhone":"","_OrganizerWebsite":"","_VenueAddress":"","_VenueCity":"","_VenueCountry":"","_VenueProvince":"","_VenueState":"","_VenueZip":"","_VenuePhone":"","_VenueURL":"","_VenueStateProvince":"","_VenueLat":"","_VenueLng":"","_VenueShowMap":false,"_VenueShowMapLink":false,"footnotes":""},"class_list":["post-1046","page","type-page","status-publish","has-post-thumbnail","hentry"],"rttpg_featured_image_url":{"full":["https:\/\/www.cei.usach.cl\/wp-content\/uploads\/2023\/04\/comite-etica-usach-solicitud-evaluaciones.jpg",1100,360,false],"landscape":["https:\/\/www.cei.usach.cl\/wp-content\/uploads\/2023\/04\/comite-etica-usach-solicitud-evaluaciones.jpg",1100,360,false],"portraits":["https:\/\/www.cei.usach.cl\/wp-content\/uploads\/2023\/04\/comite-etica-usach-solicitud-evaluaciones.jpg",1100,360,false],"thumbnail":["https:\/\/www.cei.usach.cl\/wp-content\/uploads\/2023\/04\/comite-etica-usach-solicitud-evaluaciones-150x150.jpg",150,150,true],"medium":["https:\/\/www.cei.usach.cl\/wp-content\/uploads\/2023\/04\/comite-etica-usach-solicitud-evaluaciones-300x98.jpg",300,98,true],"large":["https:\/\/www.cei.usach.cl\/wp-content\/uploads\/2023\/04\/comite-etica-usach-solicitud-evaluaciones-1024x335.jpg",1024,335,true],"1536x1536":["https:\/\/www.cei.usach.cl\/wp-content\/uploads\/2023\/04\/comite-etica-usach-solicitud-evaluaciones.jpg",1100,360,false],"2048x2048":["https:\/\/www.cei.usach.cl\/wp-content\/uploads\/2023\/04\/comite-etica-usach-solicitud-evaluaciones.jpg",1100,360,false],"rpwe-thumbnail":["https:\/\/www.cei.usach.cl\/wp-content\/uploads\/2023\/04\/comite-etica-usach-solicitud-evaluaciones-45x45.jpg",45,45,true]},"rttpg_author":{"display_name":"Comunicaciones VRIIC","author_link":"https:\/\/www.cei.usach.cl\/index.php\/author\/comunicacionesvridei\/"},"rttpg_comment":0,"rttpg_category":null,"rttpg_excerpt":"Si eres investigador o investigadora, o estudiante de pregrado o posgrado y necesitas realizar una investigaci\u00f3n, es importante solicitar la evaluaci\u00f3n de tu proyecto por parte del Comit\u00e9 de \u00c9tica [&hellip;]","_links":{"self":[{"href":"https:\/\/www.cei.usach.cl\/index.php\/wp-json\/wp\/v2\/pages\/1046","targetHints":{"allow":["GET"]}}],"collection":[{"href":"https:\/\/www.cei.usach.cl\/index.php\/wp-json\/wp\/v2\/pages"}],"about":[{"href":"https:\/\/www.cei.usach.cl\/index.php\/wp-json\/wp\/v2\/types\/page"}],"author":[{"embeddable":true,"href":"https:\/\/www.cei.usach.cl\/index.php\/wp-json\/wp\/v2\/users\/2"}],"replies":[{"embeddable":true,"href":"https:\/\/www.cei.usach.cl\/index.php\/wp-json\/wp\/v2\/comments?post=1046"}],"version-history":[{"count":27,"href":"https:\/\/www.cei.usach.cl\/index.php\/wp-json\/wp\/v2\/pages\/1046\/revisions"}],"predecessor-version":[{"id":2689,"href":"https:\/\/www.cei.usach.cl\/index.php\/wp-json\/wp\/v2\/pages\/1046\/revisions\/2689"}],"up":[{"embeddable":true,"href":"https:\/\/www.cei.usach.cl\/index.php\/wp-json\/wp\/v2\/pages\/903"}],"wp:featuredmedia":[{"embeddable":true,"href":"https:\/\/www.cei.usach.cl\/index.php\/wp-json\/wp\/v2\/media\/1065"}],"wp:attachment":[{"href":"https:\/\/www.cei.usach.cl\/index.php\/wp-json\/wp\/v2\/media?parent=1046"}],"curies":[{"name":"wp","href":"https:\/\/api.w.org\/{rel}","templated":true}]}}