{"id":655,"date":"2023-02-13T17:43:16","date_gmt":"2023-02-13T17:43:16","guid":{"rendered":"http:\/\/www.cei.usach.cl\/?page_id=655"},"modified":"2023-09-21T18:57:20","modified_gmt":"2023-09-21T18:57:20","slug":"formacion","status":"publish","type":"page","link":"https:\/\/www.cei.usach.cl\/index.php\/formacion\/","title":{"rendered":"Actividades"},"content":{"rendered":"\n<h2 class=\"wp-block-heading has-text-align-center has-text-color has-system-font-font-family has-large-font-size has-custom-font\" style=\"color:#5e7084;font-style:normal;font-weight:700;font-family:system-font\">Compromiso con la formaci\u00f3n y capacitaci\u00f3n permanente<\/h2>\n\n\n\n<p style=\"padding-right:var(--wp--preset--spacing--30);padding-left:var(--wp--preset--spacing--50)\">Desde el a\u00f1o 2013 a la fecha, el Comit\u00e9 de \u00c9tica Institucional ha desarrollado una permanente labor educativa en torno a la regulaci\u00f3n nacional e internacional en Bio\u00e9tica y \u00c9tica de la investigaci\u00f3n, capacitando a la comunidad USACH y extendiendo este compromiso hacia el p\u00fablico general a trav\u00e9s de diplomados, congresos, talleres y cursos de temas af\u00edn con su labor.<\/p>\n\n\n\n<div class=\"wp-block-group is-content-justification-center is-nowrap is-layout-flex wp-container-core-group-is-layout-af529517 wp-block-group-is-layout-flex\" style=\"padding-top:var(--wp--preset--spacing--30);padding-bottom:0\">\n<div class=\"wp-block-columns are-vertically-aligned-center is-layout-flex wp-container-core-columns-is-layout-28232c24 wp-block-columns-is-layout-flex\">\n<div class=\"wp-block-column is-vertically-aligned-center is-layout-flow wp-container-core-column-is-layout-8a368f38 wp-block-column-is-layout-flow\" style=\"flex-basis:400px\">\n<div class=\"wp-block-group has-cyan-bluish-gray-background-color has-background is-layout-constrained wp-container-core-group-is-layout-dc806c5b wp-block-group-is-layout-constrained\" style=\"border-radius:60px;padding-top:var(--wp--preset--spacing--40);padding-right:var(--wp--preset--spacing--50);padding-bottom:var(--wp--preset--spacing--40);padding-left:var(--wp--preset--spacing--50)\">\n<h2 class=\"wp-block-heading has-text-align-center has-background-color has-text-color has-system-font-font-family has-custom-font\" style=\"margin-top:0;margin-right:0;margin-bottom:0;margin-left:0;padding-top:0;padding-right:0;padding-bottom:0;padding-left:0;font-size:25px;font-style:normal;font-weight:800;font-family:system-font\">Actividades Realizadas<\/h2>\n<\/div>\n<\/div>\n<\/div>\n<\/div>\n\n\n\n<div class=\"wp-block-group alignwide has-foreground-color has-text-color has-background has-link-color wp-elements-6212dfb2ea1674315402c130522cfe29 is-layout-constrained wp-container-core-group-is-layout-2724edbb wp-block-group-is-layout-constrained\" style=\"background-color:#f6f6f6;padding-top:var(--wp--preset--spacing--60);padding-right:var(--wp--preset--spacing--60);padding-bottom:var(--wp--preset--spacing--60);padding-left:var(--wp--preset--spacing--60)\">\n<div class=\"wp-block-columns alignwide is-layout-flex wp-container-core-columns-is-layout-28f84493 wp-block-columns-is-layout-flex\">\n<div class=\"wp-block-column is-layout-flow wp-block-column-is-layout-flow\" style=\"flex-basis:33.33%\">\n<h2 class=\"wp-block-heading has-text-color has-system-font-font-family has-custom-font\" id=\"extended-trailer\" style=\"color:#5e7084;font-size:25px;font-style:normal;font-weight:800;font-family:system-font\">Jornadas de \u00c9tica e Inteligencia Artificial<\/h2>\n\n\n\n<p class=\"has-text-color\" style=\"color:#5e7084;font-size:16px\">Las Jornadas de \u00c9tica e Inteligencia Artificial, organizadas por el \u00e1rea de\u00a0Ingenier\u00eda y el \u00e1rea de Ciencias de la Salud, Biom\u00e9dicas y Biol\u00f3gicas del Comit\u00e9 de \u00c9tica Institucional CEI USACH, fueron realizadas\u00a0los d\u00edas 30 y 31 de agosto de 2023.<\/p>\n<\/div>\n\n\n\n<div class=\"wp-block-column is-layout-flow wp-block-column-is-layout-flow\" style=\"flex-basis:66.66%\">\n<figure class=\"wp-block-embed is-type-video is-provider-youtube wp-block-embed-youtube wp-embed-aspect-16-9 wp-has-aspect-ratio\"><div class=\"wp-block-embed__wrapper\">\n<iframe loading=\"lazy\" title=\"\ud83e\udd16 Taller de \u00c9tica e Inteligencia Artificial - Mi\u00e9rcoles 30 de Agosto \ud83d\udcc5\" width=\"500\" height=\"281\" src=\"https:\/\/www.youtube.com\/embed\/cidrzA5XZ5w?feature=oembed\" frameborder=\"0\" allow=\"accelerometer; autoplay; clipboard-write; encrypted-media; gyroscope; picture-in-picture; web-share\" referrerpolicy=\"strict-origin-when-cross-origin\" allowfullscreen><\/iframe>\n<\/div><\/figure>\n<\/div>\n<\/div>\n<\/div>\n\n\n\n<div class=\"wp-block-group alignwide has-foreground-color has-text-color has-background has-link-color wp-elements-a40c2e82f44c7beb045724e55a38130a is-layout-constrained wp-container-core-group-is-layout-2724edbb wp-block-group-is-layout-constrained\" style=\"background-color:#f6f6f6;padding-top:var(--wp--preset--spacing--60);padding-right:var(--wp--preset--spacing--60);padding-bottom:var(--wp--preset--spacing--60);padding-left:var(--wp--preset--spacing--60)\">\n<div class=\"wp-block-columns alignwide is-layout-flex wp-container-core-columns-is-layout-28f84493 wp-block-columns-is-layout-flex\">\n<div class=\"wp-block-column is-layout-flow wp-block-column-is-layout-flow\" style=\"flex-basis:33.33%\">\n<h2 class=\"wp-block-heading has-text-color has-system-font-font-family has-custom-font\" id=\"extended-trailer\" style=\"color:#5e7084;font-size:25px;font-style:normal;font-weight:800;font-family:system-font\">I Jornada de \u00c9tica en Matroner\u00eda: reflexiones sobre el rol \u00e9tico de la matrona y el matr\u00f3n<\/h2>\n\n\n\n<p class=\"has-text-color\" style=\"color:#5e7084;font-size:16px\">La I Jornada de \u00c9tica en Matroner\u00eda: reflexiones sobre el rol \u00e9tico de la matrona y el matr\u00f3n, organizada por el \u00c1rea de Ciencias M\u00e9dicas del CEI, se realiz\u00f3 los d\u00edas 16 y 23 de agosto de 2023.<\/p>\n<\/div>\n\n\n\n<div class=\"wp-block-column is-layout-flow wp-block-column-is-layout-flow\" style=\"flex-basis:66.66%\">\n<figure class=\"wp-block-embed is-type-video is-provider-youtube wp-block-embed-youtube wp-embed-aspect-16-9 wp-has-aspect-ratio\"><div class=\"wp-block-embed__wrapper\">\n<iframe loading=\"lazy\" title=\"Jornada de \u00c9tica en Matroner\u00eda CEI  - D\u00eda 1\" width=\"500\" height=\"281\" src=\"https:\/\/www.youtube.com\/embed\/1x_uJbYy9vQ?feature=oembed\" frameborder=\"0\" allow=\"accelerometer; autoplay; clipboard-write; encrypted-media; gyroscope; picture-in-picture; web-share\" referrerpolicy=\"strict-origin-when-cross-origin\" allowfullscreen><\/iframe>\n<\/div><\/figure>\n<\/div>\n<\/div>\n<\/div>\n\n\n\n<div class=\"wp-block-group alignwide has-foreground-color has-text-color has-background has-link-color wp-elements-98f1a1560b57f4c0e5a5b6aef02a24b4 is-layout-constrained wp-container-core-group-is-layout-2724edbb wp-block-group-is-layout-constrained\" style=\"background-color:#f6f6f6;padding-top:var(--wp--preset--spacing--60);padding-right:var(--wp--preset--spacing--60);padding-bottom:var(--wp--preset--spacing--60);padding-left:var(--wp--preset--spacing--60)\">\n<div class=\"wp-block-columns alignwide is-layout-flex wp-container-core-columns-is-layout-28f84493 wp-block-columns-is-layout-flex\">\n<div class=\"wp-block-column is-layout-flow wp-block-column-is-layout-flow\" style=\"flex-basis:33.33%\">\n<h2 class=\"wp-block-heading has-text-color has-system-font-font-family has-custom-font\" id=\"extended-trailer\" style=\"color:#5e7084;font-size:25px;font-style:normal;font-weight:800;font-family:system-font\">Congreso Bioe\u0301tica Internacional 2022<\/h2>\n\n\n\n<p class=\"has-text-color\" style=\"color:#5e7084;font-size:16px\">El \u201cCongreso Internacional de Bio\u00e9tica: Nuevos paradigmas de la Bio\u00e9tica del Siglo XXI\u201d, se realiz\u00f3 los d\u00edas 10, 11 y 12 de noviembre.<\/p>\n<\/div>\n\n\n\n<div class=\"wp-block-column is-layout-flow wp-block-column-is-layout-flow\" style=\"flex-basis:66.66%\">\n<figure class=\"wp-block-embed is-type-video is-provider-youtube wp-block-embed-youtube wp-embed-aspect-16-9 wp-has-aspect-ratio\"><div class=\"wp-block-embed__wrapper\">\n<iframe loading=\"lazy\" title=\"Congreso Bioe\u0301tica Internacional - Primer d\u00eda\" width=\"500\" height=\"281\" src=\"https:\/\/www.youtube.com\/embed\/EwHRq0iVCmo?feature=oembed\" frameborder=\"0\" allow=\"accelerometer; autoplay; clipboard-write; encrypted-media; gyroscope; picture-in-picture; web-share\" referrerpolicy=\"strict-origin-when-cross-origin\" allowfullscreen><\/iframe>\n<\/div><\/figure>\n<\/div>\n<\/div>\n<\/div>\n","protected":false},"excerpt":{"rendered":"<p>Compromiso con la formaci\u00f3n y capacitaci\u00f3n permanente Desde el a\u00f1o 2013 a la fecha, el Comit\u00e9 de \u00c9tica Institucional ha desarrollado una permanente labor educativa en torno a la regulaci\u00f3n [&hellip;]<\/p>\n","protected":false},"author":2,"featured_media":1114,"parent":0,"menu_order":0,"comment_status":"closed","ping_status":"closed","template":"","meta":{"_coblocks_attr":"","_coblocks_dimensions":"","_coblocks_responsive_height":"","_coblocks_accordion_ie_support":"","inline_featured_image":false,"_EventAllDay":false,"_EventTimezone":"","_EventStartDate":"","_EventEndDate":"","_EventStartDateUTC":"","_EventEndDateUTC":"","_EventShowMap":false,"_EventShowMapLink":false,"_EventURL":"","_EventCost":"","_EventCostDescription":"","_EventCurrencySymbol":"","_EventCurrencyCode":"","_EventCurrencyPosition":"","_EventDateTimeSeparator":"","_EventTimeRangeSeparator":"","_EventOrganizerID":[],"_EventVenueID":[],"_OrganizerEmail":"","_OrganizerPhone":"","_OrganizerWebsite":"","_VenueAddress":"","_VenueCity":"","_VenueCountry":"","_VenueProvince":"","_VenueState":"","_VenueZip":"","_VenuePhone":"","_VenueURL":"","_VenueStateProvince":"","_VenueLat":"","_VenueLng":"","_VenueShowMap":false,"_VenueShowMapLink":false,"footnotes":""},"class_list":["post-655","page","type-page","status-publish","has-post-thumbnail","hentry"],"rttpg_featured_image_url":{"full":["https:\/\/www.cei.usach.cl\/wp-content\/uploads\/2023\/05\/PRINCIPAL_FORMACION-scaled.jpg",2560,1709,false],"landscape":["https:\/\/www.cei.usach.cl\/wp-content\/uploads\/2023\/05\/PRINCIPAL_FORMACION-scaled.jpg",2560,1709,false],"portraits":["https:\/\/www.cei.usach.cl\/wp-content\/uploads\/2023\/05\/PRINCIPAL_FORMACION-scaled.jpg",2560,1709,false],"thumbnail":["https:\/\/www.cei.usach.cl\/wp-content\/uploads\/2023\/05\/PRINCIPAL_FORMACION-150x150.jpg",150,150,true],"medium":["https:\/\/www.cei.usach.cl\/wp-content\/uploads\/2023\/05\/PRINCIPAL_FORMACION-300x200.jpg",300,200,true],"large":["https:\/\/www.cei.usach.cl\/wp-content\/uploads\/2023\/05\/PRINCIPAL_FORMACION-1024x684.jpg",1024,684,true],"1536x1536":["https:\/\/www.cei.usach.cl\/wp-content\/uploads\/2023\/05\/PRINCIPAL_FORMACION-1536x1025.jpg",1536,1025,true],"2048x2048":["https:\/\/www.cei.usach.cl\/wp-content\/uploads\/2023\/05\/PRINCIPAL_FORMACION-2048x1367.jpg",2048,1367,true],"rpwe-thumbnail":["https:\/\/www.cei.usach.cl\/wp-content\/uploads\/2023\/05\/PRINCIPAL_FORMACION-45x45.jpg",45,45,true]},"rttpg_author":{"display_name":"Comunicaciones VRIIC","author_link":"https:\/\/www.cei.usach.cl\/index.php\/author\/comunicacionesvridei\/"},"rttpg_comment":0,"rttpg_category":null,"rttpg_excerpt":"Compromiso con la formaci\u00f3n y capacitaci\u00f3n permanente Desde el a\u00f1o 2013 a la fecha, el Comit\u00e9 de \u00c9tica Institucional ha desarrollado una permanente labor educativa en torno a la regulaci\u00f3n [&hellip;]","_links":{"self":[{"href":"https:\/\/www.cei.usach.cl\/index.php\/wp-json\/wp\/v2\/pages\/655","targetHints":{"allow":["GET"]}}],"collection":[{"href":"https:\/\/www.cei.usach.cl\/index.php\/wp-json\/wp\/v2\/pages"}],"about":[{"href":"https:\/\/www.cei.usach.cl\/index.php\/wp-json\/wp\/v2\/types\/page"}],"author":[{"embeddable":true,"href":"https:\/\/www.cei.usach.cl\/index.php\/wp-json\/wp\/v2\/users\/2"}],"replies":[{"embeddable":true,"href":"https:\/\/www.cei.usach.cl\/index.php\/wp-json\/wp\/v2\/comments?post=655"}],"version-history":[{"count":19,"href":"https:\/\/www.cei.usach.cl\/index.php\/wp-json\/wp\/v2\/pages\/655\/revisions"}],"predecessor-version":[{"id":1781,"href":"https:\/\/www.cei.usach.cl\/index.php\/wp-json\/wp\/v2\/pages\/655\/revisions\/1781"}],"wp:featuredmedia":[{"embeddable":true,"href":"https:\/\/www.cei.usach.cl\/index.php\/wp-json\/wp\/v2\/media\/1114"}],"wp:attachment":[{"href":"https:\/\/www.cei.usach.cl\/index.php\/wp-json\/wp\/v2\/media?parent=655"}],"curies":[{"name":"wp","href":"https:\/\/api.w.org\/{rel}","templated":true}]}}