{"id":903,"date":"2023-03-13T16:23:36","date_gmt":"2023-03-13T16:23:36","guid":{"rendered":"http:\/\/www.cei.usach.cl\/?page_id=903"},"modified":"2023-05-24T17:23:14","modified_gmt":"2023-05-24T17:23:14","slug":"evaluacion-etica","status":"publish","type":"page","link":"https:\/\/www.cei.usach.cl\/index.php\/evaluacion-etica\/","title":{"rendered":"Evaluaci\u00f3n \u00c9tica"},"content":{"rendered":"\n<p style=\"padding-right:var(--wp--preset--spacing--30);padding-left:var(--wp--preset--spacing--50)\">El Comit\u00e9 de \u00c9tica Institucional trabaja en conformidad con la Ley 20.120, que est\u00e1 en vigencia desde 2006 y se aplica a todas las investigaciones que involucren seres humanos, material biol\u00f3gico o datos personales. El objetivo principal de la ley, y por ende de este Comit\u00e9, es proteger la vida, la integridad f\u00edsica y psicol\u00f3gica, la diversidad y la identidad gen\u00e9tica de los seres humanos en relaci\u00f3n con la investigaci\u00f3n biom\u00e9dica y sus aplicaciones cl\u00ednicas. La ley establece que la libertad para llevar a cabo investigaciones cient\u00edficas en seres humanos tiene como l\u00edmite el respeto a los derechos y libertades esenciales que emanan de la naturaleza humana, reconocidos tanto por la Constituci\u00f3n Pol\u00edtica de la Rep\u00fablica como por los Tratados Internacionales ratificados por Chile y que se encuentren vigentes.<\/p>\n\n\n\n<div class=\"wp-block-group is-layout-constrained wp-block-group-is-layout-constrained\" style=\"padding-top:var(--wp--preset--spacing--50)\">\n<div class=\"wp-block-columns alignfull are-vertically-aligned-center has-small-font-size is-layout-flex wp-container-core-columns-is-layout-92a822e6 wp-block-columns-is-layout-flex\" style=\"border-style:none;border-width:0px;border-radius:0px;margin-top:0;margin-bottom:0;padding-top:0;padding-right:0;padding-bottom:0;padding-left:0\">\n<div class=\"wp-block-column is-vertically-aligned-center has-background-background-color has-background is-layout-flow wp-container-core-column-is-layout-da7171a0 wp-block-column-is-layout-flow\" style=\"border-style:none;border-width:0px;padding-top:0;padding-right:0;padding-bottom:0;padding-left:0\">\n<div class=\"wp-block-group has-background is-layout-constrained wp-container-core-group-is-layout-dc806c5b wp-block-group-is-layout-constrained\" style=\"border-radius:10px;background-color:#5e7084;padding-top:var(--wp--preset--spacing--40);padding-right:var(--wp--preset--spacing--50);padding-bottom:var(--wp--preset--spacing--40);padding-left:var(--wp--preset--spacing--50)\">\n<h2 class=\"has-text-align-center has-background-color has-text-color has-system-font-font-family has-custom-font wp-block-heading\" style=\"margin-top:0;margin-right:0;margin-bottom:0;margin-left:0;padding-top:0;padding-right:0;padding-bottom:var(--wp--preset--spacing--40);padding-left:0;font-size:17px;font-style:normal;font-weight:800;font-family:system-font\">Consideraciones Generales<\/h2>\n\n\n\n<div class=\"wp-block-buttons is-content-justification-center is-layout-flex wp-container-core-buttons-is-layout-a89b3969 wp-block-buttons-is-layout-flex\">\n<div class=\"wp-block-button has-custom-font-size\" style=\"font-size:10px\"><a class=\"wp-block-button__link has-foreground-color has-background-background-color has-text-color has-background wp-element-button\" href=\"http:\/\/www.cei.usach.cl\/index.php\/evaluacion-etica\/consideraciones-generales\/\" style=\"border-radius:5px\">Ver informaci\u00f3n<\/a><\/div>\n<\/div>\n<\/div>\n<\/div>\n\n\n\n<div class=\"wp-block-column is-vertically-aligned-center has-background-background-color has-background is-layout-flow wp-container-core-column-is-layout-da7171a0 wp-block-column-is-layout-flow\" style=\"border-style:none;border-width:0px;padding-top:0;padding-right:0;padding-bottom:0;padding-left:0\">\n<div class=\"wp-block-group has-background is-layout-constrained wp-container-core-group-is-layout-dc806c5b wp-block-group-is-layout-constrained\" style=\"border-radius:10px;background-color:#5e7084;padding-top:var(--wp--preset--spacing--40);padding-right:var(--wp--preset--spacing--50);padding-bottom:var(--wp--preset--spacing--40);padding-left:var(--wp--preset--spacing--50)\">\n<h2 class=\"has-text-align-center has-background-color has-text-color has-system-font-font-family has-custom-font wp-block-heading\" style=\"margin-top:0;margin-right:0;margin-bottom:0;margin-left:0;padding-top:0;padding-right:0;padding-bottom:var(--wp--preset--spacing--40);padding-left:0;font-size:17px;font-style:normal;font-weight:800;font-family:system-font\">Solicitud de Evaluaci\u00f3n<\/h2>\n\n\n\n<div class=\"wp-block-buttons is-content-justification-center is-layout-flex wp-container-core-buttons-is-layout-a89b3969 wp-block-buttons-is-layout-flex\">\n<div class=\"wp-block-button has-custom-font-size\" style=\"font-size:10px\"><a class=\"wp-block-button__link has-foreground-color has-background-background-color has-text-color has-background wp-element-button\" href=\"http:\/\/www.cei.usach.cl\/index.php\/evaluacion-etica\/solicitud-de-evaluacion\/\" style=\"border-radius:5px\">Ver informaci\u00f3n<\/a><\/div>\n<\/div>\n<\/div>\n<\/div>\n<\/div>\n<\/div>\n","protected":false},"excerpt":{"rendered":"<p>El Comit\u00e9 de \u00c9tica Institucional trabaja en conformidad con la Ley 20.120, que est\u00e1 en vigencia desde 2006 y se aplica a todas las investigaciones que involucren seres humanos, material [&hellip;]<\/p>\n","protected":false},"author":2,"featured_media":1031,"parent":0,"menu_order":0,"comment_status":"closed","ping_status":"closed","template":"","meta":{"_coblocks_attr":"","_coblocks_dimensions":"","_coblocks_responsive_height":"","_coblocks_accordion_ie_support":"","inline_featured_image":false,"_EventAllDay":false,"_EventTimezone":"","_EventStartDate":"","_EventEndDate":"","_EventStartDateUTC":"","_EventEndDateUTC":"","_EventShowMap":false,"_EventShowMapLink":false,"_EventURL":"","_EventCost":"","_EventCostDescription":"","_EventCurrencySymbol":"","_EventCurrencyCode":"","_EventCurrencyPosition":"","_EventDateTimeSeparator":"","_EventTimeRangeSeparator":"","_EventOrganizerID":[],"_EventVenueID":[],"_OrganizerEmail":"","_OrganizerPhone":"","_OrganizerWebsite":"","_VenueAddress":"","_VenueCity":"","_VenueCountry":"","_VenueProvince":"","_VenueState":"","_VenueZip":"","_VenuePhone":"","_VenueURL":"","_VenueStateProvince":"","_VenueLat":"","_VenueLng":"","_VenueShowMap":false,"_VenueShowMapLink":false,"footnotes":""},"class_list":["post-903","page","type-page","status-publish","has-post-thumbnail","hentry"],"rttpg_featured_image_url":{"full":["https:\/\/www.cei.usach.cl\/wp-content\/uploads\/2023\/04\/evaluacion-etica-usach.jpg",1100,360,false],"landscape":["https:\/\/www.cei.usach.cl\/wp-content\/uploads\/2023\/04\/evaluacion-etica-usach.jpg",1100,360,false],"portraits":["https:\/\/www.cei.usach.cl\/wp-content\/uploads\/2023\/04\/evaluacion-etica-usach.jpg",1100,360,false],"thumbnail":["https:\/\/www.cei.usach.cl\/wp-content\/uploads\/2023\/04\/evaluacion-etica-usach-150x150.jpg",150,150,true],"medium":["https:\/\/www.cei.usach.cl\/wp-content\/uploads\/2023\/04\/evaluacion-etica-usach-300x98.jpg",300,98,true],"large":["https:\/\/www.cei.usach.cl\/wp-content\/uploads\/2023\/04\/evaluacion-etica-usach-1024x335.jpg",1024,335,true],"1536x1536":["https:\/\/www.cei.usach.cl\/wp-content\/uploads\/2023\/04\/evaluacion-etica-usach.jpg",1100,360,false],"2048x2048":["https:\/\/www.cei.usach.cl\/wp-content\/uploads\/2023\/04\/evaluacion-etica-usach.jpg",1100,360,false],"rpwe-thumbnail":["https:\/\/www.cei.usach.cl\/wp-content\/uploads\/2023\/04\/evaluacion-etica-usach-45x45.jpg",45,45,true]},"rttpg_author":{"display_name":"Comunicaciones VRIIC","author_link":"https:\/\/www.cei.usach.cl\/index.php\/author\/comunicacionesvridei\/"},"rttpg_comment":0,"rttpg_category":null,"rttpg_excerpt":"El Comit\u00e9 de \u00c9tica Institucional trabaja en conformidad con la Ley 20.120, que est\u00e1 en vigencia desde 2006 y se aplica a todas las investigaciones que involucren seres humanos, material [&hellip;]","_links":{"self":[{"href":"https:\/\/www.cei.usach.cl\/index.php\/wp-json\/wp\/v2\/pages\/903","targetHints":{"allow":["GET"]}}],"collection":[{"href":"https:\/\/www.cei.usach.cl\/index.php\/wp-json\/wp\/v2\/pages"}],"about":[{"href":"https:\/\/www.cei.usach.cl\/index.php\/wp-json\/wp\/v2\/types\/page"}],"author":[{"embeddable":true,"href":"https:\/\/www.cei.usach.cl\/index.php\/wp-json\/wp\/v2\/users\/2"}],"replies":[{"embeddable":true,"href":"https:\/\/www.cei.usach.cl\/index.php\/wp-json\/wp\/v2\/comments?post=903"}],"version-history":[{"count":36,"href":"https:\/\/www.cei.usach.cl\/index.php\/wp-json\/wp\/v2\/pages\/903\/revisions"}],"predecessor-version":[{"id":1688,"href":"https:\/\/www.cei.usach.cl\/index.php\/wp-json\/wp\/v2\/pages\/903\/revisions\/1688"}],"wp:featuredmedia":[{"embeddable":true,"href":"https:\/\/www.cei.usach.cl\/index.php\/wp-json\/wp\/v2\/media\/1031"}],"wp:attachment":[{"href":"https:\/\/www.cei.usach.cl\/index.php\/wp-json\/wp\/v2\/media?parent=903"}],"curies":[{"name":"wp","href":"https:\/\/api.w.org\/{rel}","templated":true}]}}